{"id":135,"date":"2015-10-08T14:24:13","date_gmt":"2015-10-08T14:24:13","guid":{"rendered":"http:\/\/www.sichtweise.ch\/wp\/?page_id=135"},"modified":"2023-12-26T16:11:57","modified_gmt":"2023-12-26T16:11:57","slug":"ueber-mich-2","status":"publish","type":"page","link":"https:\/\/www.sichtweise.ch\/de_DE\/infos\/ueber-mich-2\/","title":{"rendered":"\u00dcber mich"},"content":{"rendered":"<section class=\"wpb-content-wrapper\"><p>[vc_row][vc_column][vc_empty_space height=&#8220;30&#8243; el_class=&#8220;leerraum&#8220;][\/vc_column][\/vc_row][vc_row oi_ellements_style=&#8220;Without Paddings&#8220;][vc_column width=&#8220;1\/3&#8243; css=&#8220;.vc_custom_1454420857841{padding-right: 20px !important;}&#8220;][vc_column_text]STEPHAN B\u00d6SCH, geboren 1982, lebt in St. Gallen und bewegt sich als freischaffender Fotograf im Spannungsfeld zwischen Fotokunst und Auftragsfotografie. F\u00fcr seine Kunden realisiert er Portraits, Reportagen sowie Landschafts- und Architekturaufnahmen mit enormer Pr\u00e4senz und Greifbarkeit, vorwiegend in noblem Schwarz-Wei\u00df. Die Fotografie ist f\u00fcr B\u00f6sch ein Mittel, Geschehnisse, Dinge und Menschen genauer betrachten und verstehen zu lernen.<\/p>\n<p>Ein Foto h\u00e4lt oft nur einen Bruchteil einer Sekunde fest, und doch braucht es viel Vorarbeit, Geduld und Hingabe, solch einen fl\u00fcchtigen Augenblick im Bild zu realisieren. Die besten Fotografien entstehen f\u00fcr Stephan B\u00f6sch jedoch erst, wenn sich das Streben nach perfekter Technik aufl\u00f6st in dem Bewusstsein, ganz bei der Sache an sich zu sein. Dann wird das Bild als Endprodukt sekund\u00e4r. Wichtiger: sich dem Motiv anzun\u00e4hern, allm\u00e4hlich, mit Respekt.<\/p>\n<p>B\u00f6sch verzichtet gerne auf schnelle Kameras und lange Objektive, Zur\u00fcckhaltung ist ihm wichtiger: Man stiehlt die N\u00e4he nicht, l\u00e4sst dem Menschen und der Natur ihren Raum. Fotografieren ist f\u00fcr ihn ehrliches Erleben statt Eingreifen.<\/p>\n<p>Und im richtigen Augenblick mit der richtigen N\u00e4he macht er das perfekte Bild. Das Spektakul\u00e4re ist weit weg und somit auch das Spekulative. Ruhig sind\u00a0die Fotos, die Stephan B\u00f6sch macht, aber nicht still. Sie sprechen.[\/vc_column_text][\/vc_column][\/vc_row]<\/p>\n<\/section>","protected":false},"excerpt":{"rendered":"<p>[vc_row][vc_column][vc_empty_space height=&#8220;30&#8243; el_class=&#8220;leerraum&#8220;][\/vc_column][\/vc_row][vc_row oi_ellements_style=&#8220;Without Paddings&#8220;][vc_column width=&#8220;1\/3&#8243; css=&#8220;.vc_custom_1454420857841{padding-right: 20px !important;}&#8220;][vc_column_text]STEPHAN B\u00d6SCH&#8230;<\/p>\n","protected":false},"author":2,"featured_media":0,"parent":1969,"menu_order":0,"comment_status":"closed","ping_status":"closed","template":"","meta":[],"yoast_head":"<!-- This site is optimized with the Yoast SEO plugin v20.10 - https:\/\/yoast.com\/wordpress\/plugins\/seo\/ -->\n<title>\u00dcber mich, Stefan B\u00f6sch, Fotograf aus St. Gallen, Ostschweiz<\/title>\n<meta name=\"description\" content=\"Stefan B\u00f6sch, Fotograf aus St. Gallen, eigenes Fotolabor, Portraitfotografie, Architekturfotografie, Landschaftsfotografie, Analogfotografie\" \/>\n<meta name=\"robots\" content=\"index, follow, max-snippet:-1, max-image-preview:large, max-video-preview:-1\" \/>\n<link rel=\"canonical\" href=\"https:\/\/www.sichtweise.ch\/infos\/ueber-mich-2\/\" \/>\n<meta property=\"og:locale\" content=\"de_DE\" \/>\n<meta property=\"og:type\" content=\"article\" \/>\n<meta property=\"og:title\" content=\"\u00dcber mich, Stefan B\u00f6sch, Fotograf aus St. Gallen, Ostschweiz\" \/>\n<meta property=\"og:description\" content=\"Stefan B\u00f6sch, Fotograf aus St. Gallen, eigenes Fotolabor, Portraitfotografie, Architekturfotografie, Landschaftsfotografie, Analogfotografie\" \/>\n<meta property=\"og:url\" content=\"https:\/\/www.sichtweise.ch\/infos\/ueber-mich-2\/\" \/>\n<meta property=\"og:site_name\" content=\"Stephan B\u00f6sch, Fotograf, St. Gallen\" \/>\n<meta property=\"article:publisher\" content=\"https:\/\/www.facebook.com\/stephan.boesch.5\" \/>\n<meta property=\"article:modified_time\" content=\"2023-12-26T16:11:57+00:00\" \/>\n<meta name=\"twitter:card\" content=\"summary_large_image\" \/>\n<meta name=\"twitter:label1\" content=\"Gesch\u00e4tzte Lesezeit\" \/>\n\t<meta name=\"twitter:data1\" content=\"2 Minuten\" \/>\n<script type=\"application\/ld+json\" class=\"yoast-schema-graph\">{\"@context\":\"https:\/\/schema.org\",\"@graph\":[{\"@type\":\"WebPage\",\"@id\":\"https:\/\/www.sichtweise.ch\/infos\/ueber-mich-2\/\",\"url\":\"https:\/\/www.sichtweise.ch\/infos\/ueber-mich-2\/\",\"name\":\"\u00dcber mich, Stefan B\u00f6sch, Fotograf aus St. Gallen, Ostschweiz\",\"isPartOf\":{\"@id\":\"https:\/\/www.sichtweise.ch\/de_DE\/#website\"},\"datePublished\":\"2015-10-08T14:24:13+00:00\",\"dateModified\":\"2023-12-26T16:11:57+00:00\",\"description\":\"Stefan B\u00f6sch, Fotograf aus St. Gallen, eigenes Fotolabor, Portraitfotografie, Architekturfotografie, Landschaftsfotografie, Analogfotografie\",\"breadcrumb\":{\"@id\":\"https:\/\/www.sichtweise.ch\/infos\/ueber-mich-2\/#breadcrumb\"},\"inLanguage\":\"de-DE\",\"potentialAction\":[{\"@type\":\"ReadAction\",\"target\":[\"https:\/\/www.sichtweise.ch\/infos\/ueber-mich-2\/\"]}]},{\"@type\":\"BreadcrumbList\",\"@id\":\"https:\/\/www.sichtweise.ch\/infos\/ueber-mich-2\/#breadcrumb\",\"itemListElement\":[{\"@type\":\"ListItem\",\"position\":1,\"name\":\"Home\",\"item\":\"https:\/\/www.sichtweise.ch\/\"},{\"@type\":\"ListItem\",\"position\":2,\"name\":\"Infos\",\"item\":\"https:\/\/www.sichtweise.ch\/infos\/\"},{\"@type\":\"ListItem\",\"position\":3,\"name\":\"\u00dcber mich\"}]},{\"@type\":\"WebSite\",\"@id\":\"https:\/\/www.sichtweise.ch\/de_DE\/#website\",\"url\":\"https:\/\/www.sichtweise.ch\/de_DE\/\",\"name\":\"Stephan B\u00f6sch, Fotograf, St. Gallen\",\"description\":\"Stephan Boesch Photographie aus St. Gallen\",\"publisher\":{\"@id\":\"https:\/\/www.sichtweise.ch\/de_DE\/#organization\"},\"potentialAction\":[{\"@type\":\"SearchAction\",\"target\":{\"@type\":\"EntryPoint\",\"urlTemplate\":\"https:\/\/www.sichtweise.ch\/de_DE\/?s={search_term_string}\"},\"query-input\":\"required name=search_term_string\"}],\"inLanguage\":\"de-DE\"},{\"@type\":\"Organization\",\"@id\":\"https:\/\/www.sichtweise.ch\/de_DE\/#organization\",\"name\":\"Sichtweise, Stephan B\u00f6sch Photographie\",\"url\":\"https:\/\/www.sichtweise.ch\/de_DE\/\",\"logo\":{\"@type\":\"ImageObject\",\"inLanguage\":\"de-DE\",\"@id\":\"https:\/\/www.sichtweise.ch\/de_DE\/#\/schema\/logo\/image\/\",\"url\":\"\",\"contentUrl\":\"\",\"caption\":\"Sichtweise, Stephan B\u00f6sch Photographie\"},\"image\":{\"@id\":\"https:\/\/www.sichtweise.ch\/de_DE\/#\/schema\/logo\/image\/\"},\"sameAs\":[\"https:\/\/www.facebook.com\/stephan.boesch.5\"]}]}<\/script>\n<!-- \/ Yoast SEO plugin. -->","yoast_head_json":{"title":"\u00dcber mich, Stefan B\u00f6sch, Fotograf aus St. Gallen, Ostschweiz","description":"Stefan B\u00f6sch, Fotograf aus St. Gallen, eigenes Fotolabor, Portraitfotografie, Architekturfotografie, Landschaftsfotografie, Analogfotografie","robots":{"index":"index","follow":"follow","max-snippet":"max-snippet:-1","max-image-preview":"max-image-preview:large","max-video-preview":"max-video-preview:-1"},"canonical":"https:\/\/www.sichtweise.ch\/infos\/ueber-mich-2\/","og_locale":"de_DE","og_type":"article","og_title":"\u00dcber mich, Stefan B\u00f6sch, Fotograf aus St. Gallen, Ostschweiz","og_description":"Stefan B\u00f6sch, Fotograf aus St. Gallen, eigenes Fotolabor, Portraitfotografie, Architekturfotografie, Landschaftsfotografie, Analogfotografie","og_url":"https:\/\/www.sichtweise.ch\/infos\/ueber-mich-2\/","og_site_name":"Stephan B\u00f6sch, Fotograf, St. Gallen","article_publisher":"https:\/\/www.facebook.com\/stephan.boesch.5","article_modified_time":"2023-12-26T16:11:57+00:00","twitter_card":"summary_large_image","twitter_misc":{"Gesch\u00e4tzte Lesezeit":"2 Minuten"},"schema":{"@context":"https:\/\/schema.org","@graph":[{"@type":"WebPage","@id":"https:\/\/www.sichtweise.ch\/infos\/ueber-mich-2\/","url":"https:\/\/www.sichtweise.ch\/infos\/ueber-mich-2\/","name":"\u00dcber mich, Stefan B\u00f6sch, Fotograf aus St. Gallen, Ostschweiz","isPartOf":{"@id":"https:\/\/www.sichtweise.ch\/de_DE\/#website"},"datePublished":"2015-10-08T14:24:13+00:00","dateModified":"2023-12-26T16:11:57+00:00","description":"Stefan B\u00f6sch, Fotograf aus St. Gallen, eigenes Fotolabor, Portraitfotografie, Architekturfotografie, Landschaftsfotografie, Analogfotografie","breadcrumb":{"@id":"https:\/\/www.sichtweise.ch\/infos\/ueber-mich-2\/#breadcrumb"},"inLanguage":"de-DE","potentialAction":[{"@type":"ReadAction","target":["https:\/\/www.sichtweise.ch\/infos\/ueber-mich-2\/"]}]},{"@type":"BreadcrumbList","@id":"https:\/\/www.sichtweise.ch\/infos\/ueber-mich-2\/#breadcrumb","itemListElement":[{"@type":"ListItem","position":1,"name":"Home","item":"https:\/\/www.sichtweise.ch\/"},{"@type":"ListItem","position":2,"name":"Infos","item":"https:\/\/www.sichtweise.ch\/infos\/"},{"@type":"ListItem","position":3,"name":"\u00dcber mich"}]},{"@type":"WebSite","@id":"https:\/\/www.sichtweise.ch\/de_DE\/#website","url":"https:\/\/www.sichtweise.ch\/de_DE\/","name":"Stephan B\u00f6sch, Fotograf, St. Gallen","description":"Stephan Boesch Photographie aus St. Gallen","publisher":{"@id":"https:\/\/www.sichtweise.ch\/de_DE\/#organization"},"potentialAction":[{"@type":"SearchAction","target":{"@type":"EntryPoint","urlTemplate":"https:\/\/www.sichtweise.ch\/de_DE\/?s={search_term_string}"},"query-input":"required name=search_term_string"}],"inLanguage":"de-DE"},{"@type":"Organization","@id":"https:\/\/www.sichtweise.ch\/de_DE\/#organization","name":"Sichtweise, Stephan B\u00f6sch Photographie","url":"https:\/\/www.sichtweise.ch\/de_DE\/","logo":{"@type":"ImageObject","inLanguage":"de-DE","@id":"https:\/\/www.sichtweise.ch\/de_DE\/#\/schema\/logo\/image\/","url":"","contentUrl":"","caption":"Sichtweise, Stephan B\u00f6sch Photographie"},"image":{"@id":"https:\/\/www.sichtweise.ch\/de_DE\/#\/schema\/logo\/image\/"},"sameAs":["https:\/\/www.facebook.com\/stephan.boesch.5"]}]}},"_links":{"self":[{"href":"https:\/\/www.sichtweise.ch\/de_DE\/wp-json\/wp\/v2\/pages\/135"}],"collection":[{"href":"https:\/\/www.sichtweise.ch\/de_DE\/wp-json\/wp\/v2\/pages"}],"about":[{"href":"https:\/\/www.sichtweise.ch\/de_DE\/wp-json\/wp\/v2\/types\/page"}],"author":[{"embeddable":true,"href":"https:\/\/www.sichtweise.ch\/de_DE\/wp-json\/wp\/v2\/users\/2"}],"replies":[{"embeddable":true,"href":"https:\/\/www.sichtweise.ch\/de_DE\/wp-json\/wp\/v2\/comments?post=135"}],"version-history":[{"count":30,"href":"https:\/\/www.sichtweise.ch\/de_DE\/wp-json\/wp\/v2\/pages\/135\/revisions"}],"predecessor-version":[{"id":3246,"href":"https:\/\/www.sichtweise.ch\/de_DE\/wp-json\/wp\/v2\/pages\/135\/revisions\/3246"}],"up":[{"embeddable":true,"href":"https:\/\/www.sichtweise.ch\/de_DE\/wp-json\/wp\/v2\/pages\/1969"}],"wp:attachment":[{"href":"https:\/\/www.sichtweise.ch\/de_DE\/wp-json\/wp\/v2\/media?parent=135"}],"curies":[{"name":"wp","href":"https:\/\/api.w.org\/{rel}","templated":true}]}}