{"id":143,"date":"2015-10-08T17:44:18","date_gmt":"2015-10-08T17:44:18","guid":{"rendered":"http:\/\/www.sichtweise.ch\/wp\/?page_id=143"},"modified":"2023-07-09T08:57:53","modified_gmt":"2023-07-09T08:57:53","slug":"impressum","status":"publish","type":"page","link":"https:\/\/www.sichtweise.ch\/de_DE\/impressum\/","title":{"rendered":"Impressum"},"content":{"rendered":"<section class=\"wpb-content-wrapper\"><p>[vc_row][vc_column][vc_empty_space height=&#8220;30px&#8220;][\/vc_column][\/vc_row][vc_row][vc_column width=&#8220;1\/2&#8243;][vc_column_text]Alle Texte, Verweise und Abbildungen auf diesem Internetauftritt unterliegen dem Urheberrecht sowie auch anderer Gesetze zum Schutz des geistigen Eigentums. Sie d\u00fcrfen weder f\u00fcr kommerzielle Zwecke noch zur blossen Weitergabe kopiert, ver\u00e4ndert oder Dritten zug\u00e4nglich gemacht werden.<\/p>\n<p>Haftungshinweis: Trotz sorgf\u00e4ltiger Kontrolle \u00fcbernehmen wir keine Haftung f\u00fcr die Inhalte externer Links. F\u00fcr den Inhalt der verlinkten Seiten sind ausschliesslich deren Betreiber verantwortlich.<\/p>\n<h1>Datenschutzerkl\u00e4rung f\u00fcr die Nutzung von Google Analytics<\/h1>\n<p>\u201eDiese Website benutzt Google Analytics, einen Webanalysedienst der Google Inc. (\u201eGoogle\u201c). Google Analytics verwendet sog. \u201eCookies\u201c, Textdateien, die auf Ihrem Computer gespeichert werden und die eine Analyse der Benutzung der Website durch Sie erm\u00f6glicht. Die durch den Cookie erzeugten Informationen \u00fcber Ihre Benutzung dieser Website (einschlie\u00dflich Ihrer IP-Adresse) wird an einen Server von Google in den USA \u00fcbertragen und dort gespeichert. Google wird diese Informationen benutzen, um Ihre Nutzung der Website auszuwerten, um Reports \u00fcber die Websiteaktivit\u00e4ten f\u00fcr die Websitebetreiber zusammenzustellen und um weitere mit der Websitenutzung und der Internetnutzung verbundene Dienstleistungen zu erbringen. Auch wird Google diese Informationen gegebenenfalls an Dritte \u00fcbertragen, sofern dies gesetzlich vorgeschrieben oder soweit Dritte diese Daten im Auftrag von Google verarbeiten. Google wird in keinem Fall Ihre IP-Adresse mit anderen Daten, die von Google gespeichert werden, in Verbindung bringen. Sie k\u00f6nnen die Installation der Cookies durch eine entsprechende Einstellung Ihrer Browser Software verhindern; wir weisen Sie jedoch darauf hin, dass Sie in diesem Fall gegebenenfalls nicht s\u00e4mtliche Funktionen dieser Website voll umf\u00e4nglich nutzen k\u00f6nnen. Durch die Nutzung dieser Website erkl\u00e4ren Sie sich mit der Bearbeitung der \u00fcber Sie erhobenen Daten durch Google in der zuvor beschriebenen Art und Weise und zu dem zuvor benannten Zweck einverstanden.\u201c<\/p>\n<p>Gestaltung: <a href=\"http:\/\/www.stellwerkost.ch\" target=\"_blank\" rel=\"noopener\">Stellwerkost GmbH,\u00a0<\/a>Visuelle Kommunikation<\/p>\n<h1>Browserunterst\u00fctzung<\/h1>\n<p>Internet Explorer ab Version 9, Firefox ab Version 2, Opera ab Version 7, Safari ab Version 3, Google Chrome[\/vc_column_text][\/vc_column][vc_column width=&#8220;1\/2&#8243;][\/vc_column][\/vc_row]<\/p>\n<\/section>","protected":false},"excerpt":{"rendered":"<p>[vc_row][vc_column][vc_empty_space height=&#8220;30px&#8220;][\/vc_column][\/vc_row][vc_row][vc_column width=&#8220;1\/2&#8243;][vc_column_text]Alle Texte, Verweise und Abbildungen auf diesem Internetauftritt unterliegen dem Urheberrecht sowie auch anderer Gesetze zum Schutz d&#8230;<\/p>\n","protected":false},"author":2,"featured_media":0,"parent":0,"menu_order":0,"comment_status":"closed","ping_status":"closed","template":"","meta":[],"yoast_head":"<!-- This site is optimized with the Yoast SEO plugin v20.10 - https:\/\/yoast.com\/wordpress\/plugins\/seo\/ -->\n<title>Impressum - Stephan B\u00f6sch, Fotograf, St. Gallen<\/title>\n<meta name=\"robots\" content=\"index, follow, max-snippet:-1, max-image-preview:large, max-video-preview:-1\" \/>\n<link rel=\"canonical\" href=\"https:\/\/www.sichtweise.ch\/impressum\/\" \/>\n<meta property=\"og:locale\" content=\"de_DE\" \/>\n<meta property=\"og:type\" content=\"article\" \/>\n<meta property=\"og:title\" content=\"Impressum - Stephan B\u00f6sch, Fotograf, St. Gallen\" \/>\n<meta property=\"og:description\" content=\"[vc_row][vc_column][vc_empty_space height=&quot;30px&quot;][\/vc_column][\/vc_row][vc_row][vc_column width=&quot;1\/2&quot;][vc_column_text]Alle Texte, Verweise und Abbildungen auf diesem Internetauftritt unterliegen dem Urheberrecht sowie auch anderer Gesetze zum Schutz d...\" \/>\n<meta property=\"og:url\" content=\"https:\/\/www.sichtweise.ch\/impressum\/\" \/>\n<meta property=\"og:site_name\" content=\"Stephan B\u00f6sch, Fotograf, St. Gallen\" \/>\n<meta property=\"article:publisher\" content=\"https:\/\/www.facebook.com\/stephan.boesch.5\" \/>\n<meta property=\"article:modified_time\" content=\"2023-07-09T08:57:53+00:00\" \/>\n<meta name=\"twitter:card\" content=\"summary_large_image\" \/>\n<meta name=\"twitter:label1\" content=\"Gesch\u00e4tzte Lesezeit\" \/>\n\t<meta name=\"twitter:data1\" content=\"2 Minuten\" \/>\n<script type=\"application\/ld+json\" class=\"yoast-schema-graph\">{\"@context\":\"https:\/\/schema.org\",\"@graph\":[{\"@type\":\"WebPage\",\"@id\":\"https:\/\/www.sichtweise.ch\/impressum\/\",\"url\":\"https:\/\/www.sichtweise.ch\/impressum\/\",\"name\":\"Impressum - Stephan B\u00f6sch, Fotograf, St. Gallen\",\"isPartOf\":{\"@id\":\"https:\/\/www.sichtweise.ch\/de_DE\/#website\"},\"datePublished\":\"2015-10-08T17:44:18+00:00\",\"dateModified\":\"2023-07-09T08:57:53+00:00\",\"breadcrumb\":{\"@id\":\"https:\/\/www.sichtweise.ch\/impressum\/#breadcrumb\"},\"inLanguage\":\"de-DE\",\"potentialAction\":[{\"@type\":\"ReadAction\",\"target\":[\"https:\/\/www.sichtweise.ch\/impressum\/\"]}]},{\"@type\":\"BreadcrumbList\",\"@id\":\"https:\/\/www.sichtweise.ch\/impressum\/#breadcrumb\",\"itemListElement\":[{\"@type\":\"ListItem\",\"position\":1,\"name\":\"Home\",\"item\":\"https:\/\/www.sichtweise.ch\/\"},{\"@type\":\"ListItem\",\"position\":2,\"name\":\"Impressum\"}]},{\"@type\":\"WebSite\",\"@id\":\"https:\/\/www.sichtweise.ch\/de_DE\/#website\",\"url\":\"https:\/\/www.sichtweise.ch\/de_DE\/\",\"name\":\"Stephan B\u00f6sch, Fotograf, St. Gallen\",\"description\":\"Stephan Boesch Photographie aus St. Gallen\",\"publisher\":{\"@id\":\"https:\/\/www.sichtweise.ch\/de_DE\/#organization\"},\"potentialAction\":[{\"@type\":\"SearchAction\",\"target\":{\"@type\":\"EntryPoint\",\"urlTemplate\":\"https:\/\/www.sichtweise.ch\/de_DE\/?s={search_term_string}\"},\"query-input\":\"required name=search_term_string\"}],\"inLanguage\":\"de-DE\"},{\"@type\":\"Organization\",\"@id\":\"https:\/\/www.sichtweise.ch\/de_DE\/#organization\",\"name\":\"Sichtweise, Stephan B\u00f6sch Photographie\",\"url\":\"https:\/\/www.sichtweise.ch\/de_DE\/\",\"logo\":{\"@type\":\"ImageObject\",\"inLanguage\":\"de-DE\",\"@id\":\"https:\/\/www.sichtweise.ch\/de_DE\/#\/schema\/logo\/image\/\",\"url\":\"\",\"contentUrl\":\"\",\"caption\":\"Sichtweise, Stephan B\u00f6sch Photographie\"},\"image\":{\"@id\":\"https:\/\/www.sichtweise.ch\/de_DE\/#\/schema\/logo\/image\/\"},\"sameAs\":[\"https:\/\/www.facebook.com\/stephan.boesch.5\"]}]}<\/script>\n<!-- \/ Yoast SEO plugin. -->","yoast_head_json":{"title":"Impressum - Stephan B\u00f6sch, Fotograf, St. Gallen","robots":{"index":"index","follow":"follow","max-snippet":"max-snippet:-1","max-image-preview":"max-image-preview:large","max-video-preview":"max-video-preview:-1"},"canonical":"https:\/\/www.sichtweise.ch\/impressum\/","og_locale":"de_DE","og_type":"article","og_title":"Impressum - Stephan B\u00f6sch, Fotograf, St. Gallen","og_description":"[vc_row][vc_column][vc_empty_space height=\"30px\"][\/vc_column][\/vc_row][vc_row][vc_column width=\"1\/2\"][vc_column_text]Alle Texte, Verweise und Abbildungen auf diesem Internetauftritt unterliegen dem Urheberrecht sowie auch anderer Gesetze zum Schutz d...","og_url":"https:\/\/www.sichtweise.ch\/impressum\/","og_site_name":"Stephan B\u00f6sch, Fotograf, St. Gallen","article_publisher":"https:\/\/www.facebook.com\/stephan.boesch.5","article_modified_time":"2023-07-09T08:57:53+00:00","twitter_card":"summary_large_image","twitter_misc":{"Gesch\u00e4tzte Lesezeit":"2 Minuten"},"schema":{"@context":"https:\/\/schema.org","@graph":[{"@type":"WebPage","@id":"https:\/\/www.sichtweise.ch\/impressum\/","url":"https:\/\/www.sichtweise.ch\/impressum\/","name":"Impressum - Stephan B\u00f6sch, Fotograf, St. Gallen","isPartOf":{"@id":"https:\/\/www.sichtweise.ch\/de_DE\/#website"},"datePublished":"2015-10-08T17:44:18+00:00","dateModified":"2023-07-09T08:57:53+00:00","breadcrumb":{"@id":"https:\/\/www.sichtweise.ch\/impressum\/#breadcrumb"},"inLanguage":"de-DE","potentialAction":[{"@type":"ReadAction","target":["https:\/\/www.sichtweise.ch\/impressum\/"]}]},{"@type":"BreadcrumbList","@id":"https:\/\/www.sichtweise.ch\/impressum\/#breadcrumb","itemListElement":[{"@type":"ListItem","position":1,"name":"Home","item":"https:\/\/www.sichtweise.ch\/"},{"@type":"ListItem","position":2,"name":"Impressum"}]},{"@type":"WebSite","@id":"https:\/\/www.sichtweise.ch\/de_DE\/#website","url":"https:\/\/www.sichtweise.ch\/de_DE\/","name":"Stephan B\u00f6sch, Fotograf, St. Gallen","description":"Stephan Boesch Photographie aus St. Gallen","publisher":{"@id":"https:\/\/www.sichtweise.ch\/de_DE\/#organization"},"potentialAction":[{"@type":"SearchAction","target":{"@type":"EntryPoint","urlTemplate":"https:\/\/www.sichtweise.ch\/de_DE\/?s={search_term_string}"},"query-input":"required name=search_term_string"}],"inLanguage":"de-DE"},{"@type":"Organization","@id":"https:\/\/www.sichtweise.ch\/de_DE\/#organization","name":"Sichtweise, Stephan B\u00f6sch Photographie","url":"https:\/\/www.sichtweise.ch\/de_DE\/","logo":{"@type":"ImageObject","inLanguage":"de-DE","@id":"https:\/\/www.sichtweise.ch\/de_DE\/#\/schema\/logo\/image\/","url":"","contentUrl":"","caption":"Sichtweise, Stephan B\u00f6sch Photographie"},"image":{"@id":"https:\/\/www.sichtweise.ch\/de_DE\/#\/schema\/logo\/image\/"},"sameAs":["https:\/\/www.facebook.com\/stephan.boesch.5"]}]}},"_links":{"self":[{"href":"https:\/\/www.sichtweise.ch\/de_DE\/wp-json\/wp\/v2\/pages\/143"}],"collection":[{"href":"https:\/\/www.sichtweise.ch\/de_DE\/wp-json\/wp\/v2\/pages"}],"about":[{"href":"https:\/\/www.sichtweise.ch\/de_DE\/wp-json\/wp\/v2\/types\/page"}],"author":[{"embeddable":true,"href":"https:\/\/www.sichtweise.ch\/de_DE\/wp-json\/wp\/v2\/users\/2"}],"replies":[{"embeddable":true,"href":"https:\/\/www.sichtweise.ch\/de_DE\/wp-json\/wp\/v2\/comments?post=143"}],"version-history":[{"count":11,"href":"https:\/\/www.sichtweise.ch\/de_DE\/wp-json\/wp\/v2\/pages\/143\/revisions"}],"predecessor-version":[{"id":3235,"href":"https:\/\/www.sichtweise.ch\/de_DE\/wp-json\/wp\/v2\/pages\/143\/revisions\/3235"}],"wp:attachment":[{"href":"https:\/\/www.sichtweise.ch\/de_DE\/wp-json\/wp\/v2\/media?parent=143"}],"curies":[{"name":"wp","href":"https:\/\/api.w.org\/{rel}","templated":true}]}}