{"id":72,"date":"2015-10-07T14:48:39","date_gmt":"2015-10-07T14:48:39","guid":{"rendered":"http:\/\/www.sichtweise.ch\/wp\/?page_id=72"},"modified":"2025-03-17T10:56:54","modified_gmt":"2025-03-17T10:56:54","slug":"ausstellungen","status":"publish","type":"page","link":"https:\/\/www.sichtweise.ch\/de_DE\/infos\/ausstellungen\/","title":{"rendered":"Ausstellungen"},"content":{"rendered":"<section class=\"wpb-content-wrapper\"><p>[vc_row][vc_column][vc_empty_space height=&#8220;30px&#8220;][\/vc_column][\/vc_row][vc_row][vc_column width=&#8220;1\/4&#8243;][vc_column_text]<a href=\"https:\/\/www.ipfo.ch\" target=\"_blank\" rel=\"noopener\">&#8211; 2024. IPFO, Olten. &#8222;Portraits im Wasser. Das Schwingen der Wahrnehmung&#8220;. Gruppenausstellung im Haus der Fotografie.<\/a><\/p>\n<p><a href=\"https:\/\/www.kirchnermuseum.ch\/de\/ausstellungen\/rueckblick\/details\/gigonguyer-kirchner-museum-revisited\/\" target=\"_blank\" rel=\"noopener\">&#8211; 2022. Kirchner Museum, Davos. \u201eDas Kirchner Museum bei Nacht\u201c im Rahmen der Ausstellung \u201eGigon\/Guyer. Kirchner Museum revisited&#8220;<\/a><\/p>\n<p><a href=\"https:\/\/www.atelierjaeger.ch\/kultur\" target=\"_blank\" rel=\"noopener noreferrer\">&#8211; 2021. Raum f\u00fcr Kultur, Pf\u00e4ffikon SZ. Einzelausstellung &#8222;Die rote Br\u00fccke&#8220;<\/a><\/p>\n<p><a href=\"https:\/\/www.ipfo.ch\" target=\"_blank\" rel=\"noopener\">&#8211; 2021. IPFO Photo Ville, Olten. Outdoor Gruppenausstellung. Louis de Marsalle. Visite \u00e0 Davos.<\/a><\/p>\n<p><a href=\"http:\/\/www.casa-lenz.ch\" target=\"_blank\" rel=\"noopener noreferrer\">&#8211; 2020. Casa Lenz, Cevio. Die rote Br\u00fccke.<\/a><\/p>\n<p>&#8211; <a href=\"https:\/\/www.museumdermoderne.at\/de\/ausstellungen-veranstaltungen\/detail\/ernst-ludwig-kirchnerder-maler-als-fotograf\/\" target=\"_blank\" rel=\"noopener noreferrer\">2019. Museum der Moderne, Salzburg. Louis de Marsalle im Rahmen der Ausstellung Ernst Ludwig Kirchner. Der Maler als Fotograf.<\/a><\/p>\n<p><a href=\"https:\/\/www.photo-schweiz.ch\" target=\"_blank\" rel=\"noopener noreferrer\">&#8211; 2017. photo17 Z\u00fcrich. Louis de Marsalle<\/a><\/p>\n<p><a href=\"https:\/\/werkschau-bern.ch\" target=\"_blank\" rel=\"noopener noreferrer\">&#8211; 2016. Werkschau Bern. Louis de Marsalle<\/a><\/p>\n<p><a href=\"http:\/\/kirchnermuseum.ch\/de\/ausstellungen\/rueckblick\/details\/alles-kirchner\/\" target=\"_blank\" rel=\"noopener noreferrer\">&#8211; 2016. Kirchner Museum Davos. Louis de Marsalle als der Teil der Ausstellung\u00a0\u201eAlles Kirchner! Das Museum als Wunderkammer&#8220;<\/a><\/p>\n<p><a href=\"http:\/\/www.photobastei.ch\/index.html\" target=\"_blank\" rel=\"noopener noreferrer\">&#8211; 2014. Photobastei Z\u00fcrich. Alpaufzug bei Nacht<\/a><\/p>\n<p><a href=\"https:\/\/www.photo-schweiz.ch\" target=\"_blank\" rel=\"noopener noreferrer\">&#8211; 2014. photo14 Z\u00fcrich. Die rote Br\u00fccke<\/a><\/p>\n<p><a href=\"https:\/\/www.photo-schweiz.ch\" target=\"_blank\" rel=\"noopener noreferrer\">&#8211; 2012. photo12 Z\u00fcrich. \u00c4lpler im Portrait<\/a><\/p>\n<p><a href=\"https:\/\/www.photo-schweiz.ch\" target=\"_blank\" rel=\"noopener noreferrer\">&#8211; 2010. photo10 Z\u00fcrich. Alpaufzug im Toggenburg<\/a><\/p>\n<p><a href=\"https:\/\/www.photo-schweiz.ch\" target=\"_blank\" rel=\"noopener noreferrer\">&#8211; 2009. photo09 Z\u00fcrich. Alp Loch<\/a><\/p>\n<p><a href=\"https:\/\/www.valida-sg.ch\" target=\"_blank\" rel=\"noopener noreferrer\">&#8211; 2009.\u00a060 Jahre Valida St. Gallen. Portraits von Menschen mit Behinderung<\/a>[\/vc_column_text][\/vc_column][vc_column width=&#8220;3\/4&#8243;][vc_single_image image=&#8220;2883&#8243; img_size=&#8220;full&#8220;][vc_column_text]<\/p>\n<p style=\"text-align: left;\">Museum der Moderne, Salzburg. 2019. Louis de Marsalle.<\/p>\n<p>[\/vc_column_text][\/vc_column][\/vc_row]<\/p>\n<\/section>","protected":false},"excerpt":{"rendered":"<p>[vc_row][vc_column][vc_empty_space height=&#8220;30px&#8220;][\/vc_column][\/vc_row][vc_row][vc_column width=&#8220;1\/4&#8243;][vc_column_text]<a href=\"https:\/\/www.ipfo.ch\" target=\"_blank\" rel=\"noopener\">&#8211; 2024. IPFO, Olten. &#8222;Portraits im Wasser. Das Schwingen der Wahrnehmung&#8230;<\/p>\n","protected":false},"author":2,"featured_media":0,"parent":1969,"menu_order":0,"comment_status":"closed","ping_status":"closed","template":"","meta":[],"yoast_head":"<!-- This site is optimized with the Yoast SEO plugin v20.10 - https:\/\/yoast.com\/wordpress\/plugins\/seo\/ -->\n<title>Ausstellungen - Stephan B\u00f6sch, Fotograf, St. Gallen<\/title>\n<meta name=\"robots\" content=\"index, follow, max-snippet:-1, max-image-preview:large, max-video-preview:-1\" \/>\n<link rel=\"canonical\" href=\"https:\/\/www.sichtweise.ch\/infos\/ausstellungen\/\" \/>\n<meta property=\"og:locale\" content=\"de_DE\" \/>\n<meta property=\"og:type\" content=\"article\" \/>\n<meta property=\"og:title\" content=\"Ausstellungen - Stephan B\u00f6sch, Fotograf, St. Gallen\" \/>\n<meta property=\"og:description\" content=\"[vc_row][vc_column][vc_empty_space height=&quot;30px&quot;][\/vc_column][\/vc_row][vc_row][vc_column width=&quot;1\/4&quot;][vc_column_text]- 2024. IPFO, Olten. &quot;Portraits im Wasser. Das Schwingen der Wahrnehmung...\" \/>\n<meta property=\"og:url\" content=\"https:\/\/www.sichtweise.ch\/infos\/ausstellungen\/\" \/>\n<meta property=\"og:site_name\" content=\"Stephan B\u00f6sch, Fotograf, St. Gallen\" \/>\n<meta property=\"article:publisher\" content=\"https:\/\/www.facebook.com\/stephan.boesch.5\" \/>\n<meta property=\"article:modified_time\" content=\"2025-03-17T10:56:54+00:00\" \/>\n<meta name=\"twitter:card\" content=\"summary_large_image\" \/>\n<meta name=\"twitter:label1\" content=\"Gesch\u00e4tzte Lesezeit\" \/>\n\t<meta name=\"twitter:data1\" content=\"1 Minute\" \/>\n<script type=\"application\/ld+json\" class=\"yoast-schema-graph\">{\"@context\":\"https:\/\/schema.org\",\"@graph\":[{\"@type\":\"WebPage\",\"@id\":\"https:\/\/www.sichtweise.ch\/infos\/ausstellungen\/\",\"url\":\"https:\/\/www.sichtweise.ch\/infos\/ausstellungen\/\",\"name\":\"Ausstellungen - Stephan B\u00f6sch, Fotograf, St. Gallen\",\"isPartOf\":{\"@id\":\"https:\/\/www.sichtweise.ch\/de_DE\/#website\"},\"datePublished\":\"2015-10-07T14:48:39+00:00\",\"dateModified\":\"2025-03-17T10:56:54+00:00\",\"breadcrumb\":{\"@id\":\"https:\/\/www.sichtweise.ch\/infos\/ausstellungen\/#breadcrumb\"},\"inLanguage\":\"de-DE\",\"potentialAction\":[{\"@type\":\"ReadAction\",\"target\":[\"https:\/\/www.sichtweise.ch\/infos\/ausstellungen\/\"]}]},{\"@type\":\"BreadcrumbList\",\"@id\":\"https:\/\/www.sichtweise.ch\/infos\/ausstellungen\/#breadcrumb\",\"itemListElement\":[{\"@type\":\"ListItem\",\"position\":1,\"name\":\"Home\",\"item\":\"https:\/\/www.sichtweise.ch\/\"},{\"@type\":\"ListItem\",\"position\":2,\"name\":\"Infos\",\"item\":\"https:\/\/www.sichtweise.ch\/infos\/\"},{\"@type\":\"ListItem\",\"position\":3,\"name\":\"Ausstellungen\"}]},{\"@type\":\"WebSite\",\"@id\":\"https:\/\/www.sichtweise.ch\/de_DE\/#website\",\"url\":\"https:\/\/www.sichtweise.ch\/de_DE\/\",\"name\":\"Stephan B\u00f6sch, Fotograf, St. Gallen\",\"description\":\"Stephan Boesch Photographie aus St. Gallen\",\"publisher\":{\"@id\":\"https:\/\/www.sichtweise.ch\/de_DE\/#organization\"},\"potentialAction\":[{\"@type\":\"SearchAction\",\"target\":{\"@type\":\"EntryPoint\",\"urlTemplate\":\"https:\/\/www.sichtweise.ch\/de_DE\/?s={search_term_string}\"},\"query-input\":\"required name=search_term_string\"}],\"inLanguage\":\"de-DE\"},{\"@type\":\"Organization\",\"@id\":\"https:\/\/www.sichtweise.ch\/de_DE\/#organization\",\"name\":\"Sichtweise, Stephan B\u00f6sch Photographie\",\"url\":\"https:\/\/www.sichtweise.ch\/de_DE\/\",\"logo\":{\"@type\":\"ImageObject\",\"inLanguage\":\"de-DE\",\"@id\":\"https:\/\/www.sichtweise.ch\/de_DE\/#\/schema\/logo\/image\/\",\"url\":\"\",\"contentUrl\":\"\",\"caption\":\"Sichtweise, Stephan B\u00f6sch Photographie\"},\"image\":{\"@id\":\"https:\/\/www.sichtweise.ch\/de_DE\/#\/schema\/logo\/image\/\"},\"sameAs\":[\"https:\/\/www.facebook.com\/stephan.boesch.5\"]}]}<\/script>\n<!-- \/ Yoast SEO plugin. -->","yoast_head_json":{"title":"Ausstellungen - Stephan B\u00f6sch, Fotograf, St. Gallen","robots":{"index":"index","follow":"follow","max-snippet":"max-snippet:-1","max-image-preview":"max-image-preview:large","max-video-preview":"max-video-preview:-1"},"canonical":"https:\/\/www.sichtweise.ch\/infos\/ausstellungen\/","og_locale":"de_DE","og_type":"article","og_title":"Ausstellungen - Stephan B\u00f6sch, Fotograf, St. Gallen","og_description":"[vc_row][vc_column][vc_empty_space height=\"30px\"][\/vc_column][\/vc_row][vc_row][vc_column width=\"1\/4\"][vc_column_text]- 2024. IPFO, Olten. \"Portraits im Wasser. Das Schwingen der Wahrnehmung...","og_url":"https:\/\/www.sichtweise.ch\/infos\/ausstellungen\/","og_site_name":"Stephan B\u00f6sch, Fotograf, St. Gallen","article_publisher":"https:\/\/www.facebook.com\/stephan.boesch.5","article_modified_time":"2025-03-17T10:56:54+00:00","twitter_card":"summary_large_image","twitter_misc":{"Gesch\u00e4tzte Lesezeit":"1 Minute"},"schema":{"@context":"https:\/\/schema.org","@graph":[{"@type":"WebPage","@id":"https:\/\/www.sichtweise.ch\/infos\/ausstellungen\/","url":"https:\/\/www.sichtweise.ch\/infos\/ausstellungen\/","name":"Ausstellungen - Stephan B\u00f6sch, Fotograf, St. Gallen","isPartOf":{"@id":"https:\/\/www.sichtweise.ch\/de_DE\/#website"},"datePublished":"2015-10-07T14:48:39+00:00","dateModified":"2025-03-17T10:56:54+00:00","breadcrumb":{"@id":"https:\/\/www.sichtweise.ch\/infos\/ausstellungen\/#breadcrumb"},"inLanguage":"de-DE","potentialAction":[{"@type":"ReadAction","target":["https:\/\/www.sichtweise.ch\/infos\/ausstellungen\/"]}]},{"@type":"BreadcrumbList","@id":"https:\/\/www.sichtweise.ch\/infos\/ausstellungen\/#breadcrumb","itemListElement":[{"@type":"ListItem","position":1,"name":"Home","item":"https:\/\/www.sichtweise.ch\/"},{"@type":"ListItem","position":2,"name":"Infos","item":"https:\/\/www.sichtweise.ch\/infos\/"},{"@type":"ListItem","position":3,"name":"Ausstellungen"}]},{"@type":"WebSite","@id":"https:\/\/www.sichtweise.ch\/de_DE\/#website","url":"https:\/\/www.sichtweise.ch\/de_DE\/","name":"Stephan B\u00f6sch, Fotograf, St. Gallen","description":"Stephan Boesch Photographie aus St. Gallen","publisher":{"@id":"https:\/\/www.sichtweise.ch\/de_DE\/#organization"},"potentialAction":[{"@type":"SearchAction","target":{"@type":"EntryPoint","urlTemplate":"https:\/\/www.sichtweise.ch\/de_DE\/?s={search_term_string}"},"query-input":"required name=search_term_string"}],"inLanguage":"de-DE"},{"@type":"Organization","@id":"https:\/\/www.sichtweise.ch\/de_DE\/#organization","name":"Sichtweise, Stephan B\u00f6sch Photographie","url":"https:\/\/www.sichtweise.ch\/de_DE\/","logo":{"@type":"ImageObject","inLanguage":"de-DE","@id":"https:\/\/www.sichtweise.ch\/de_DE\/#\/schema\/logo\/image\/","url":"","contentUrl":"","caption":"Sichtweise, Stephan B\u00f6sch Photographie"},"image":{"@id":"https:\/\/www.sichtweise.ch\/de_DE\/#\/schema\/logo\/image\/"},"sameAs":["https:\/\/www.facebook.com\/stephan.boesch.5"]}]}},"_links":{"self":[{"href":"https:\/\/www.sichtweise.ch\/de_DE\/wp-json\/wp\/v2\/pages\/72"}],"collection":[{"href":"https:\/\/www.sichtweise.ch\/de_DE\/wp-json\/wp\/v2\/pages"}],"about":[{"href":"https:\/\/www.sichtweise.ch\/de_DE\/wp-json\/wp\/v2\/types\/page"}],"author":[{"embeddable":true,"href":"https:\/\/www.sichtweise.ch\/de_DE\/wp-json\/wp\/v2\/users\/2"}],"replies":[{"embeddable":true,"href":"https:\/\/www.sichtweise.ch\/de_DE\/wp-json\/wp\/v2\/comments?post=72"}],"version-history":[{"count":29,"href":"https:\/\/www.sichtweise.ch\/de_DE\/wp-json\/wp\/v2\/pages\/72\/revisions"}],"predecessor-version":[{"id":3251,"href":"https:\/\/www.sichtweise.ch\/de_DE\/wp-json\/wp\/v2\/pages\/72\/revisions\/3251"}],"up":[{"embeddable":true,"href":"https:\/\/www.sichtweise.ch\/de_DE\/wp-json\/wp\/v2\/pages\/1969"}],"wp:attachment":[{"href":"https:\/\/www.sichtweise.ch\/de_DE\/wp-json\/wp\/v2\/media?parent=72"}],"curies":[{"name":"wp","href":"https:\/\/api.w.org\/{rel}","templated":true}]}}